{"id":61,"date":"2026-04-28T15:45:05","date_gmt":"2026-04-28T15:45:05","guid":{"rendered":"https:\/\/nouveau.constructionleaninstitutfrance.com\/?page_id=61"},"modified":"2026-04-28T15:52:08","modified_gmt":"2026-04-28T15:52:08","slug":"home","status":"publish","type":"page","link":"https:\/\/nouveau.constructionleaninstitutfrance.com\/index.php\/home\/","title":{"rendered":"Home"},"content":{"rendered":"<div class=\"et_pb_section_0 et_pb_section et_section_regular et_block_section section_has_divider et_pb_bottom_divider\">\n<div class=\"et_pb_row_0 et_pb_row et_block_row\">\n<div class=\"et_pb_column_0 et_pb_column et_pb_column_4_4 et-last-child et_block_column et_pb_css_mix_blend_mode_passthrough\">\n<div class=\"et_pb_code_0 et_pb_code et_pb_module\"><div class=\"et_pb_code_inner\"><style>@keyframes ifclFloat{0%,100%{transform:translateY(0)}50%{transform:translateY(-22px)}}@keyframes ifclSpin{from{transform:rotate(0)}to{transform:rotate(360deg)}}@keyframes ifclPulse{0%,100%{opacity:.4}50%{opacity:.75}}.ifcl-deco{position:absolute!important;pointer-events:none;z-index:2}.ifcl-deco-tr{top:60px;right:40px}.ifcl-deco-bl{bottom:60px;left:40px}.ifcl-deco-tl{top:60px;left:40px}.ifcl-deco-br{bottom:60px;right:40px}.ifcl-float{animation:ifclFloat 6s ease-in-out infinite}.ifcl-float-slow{animation:ifclFloat 9s ease-in-out infinite}.ifcl-spin{animation:ifclSpin 60s linear infinite}.ifcl-pulse{animation:ifclPulse 4s ease-in-out infinite}.ifcl-deco-behind{position:absolute!important;top:-40px;left:-40px;z-index:0;pointer-events:none;opacity:.5}.ifcl-value-card{background:transparent;padding:24px 18px;text-align:center;transition:transform 400ms ease;min-height:340px;display:flex;flex-direction:column;align-items:center;position:relative;margin-bottom:20px}.ifcl-value-card:hover{transform:translateY(-8px)}.ifcl-value-icon{width:64px;height:64px;background:linear-gradient(135deg,#E30512 0%,#A11C19 100%);border-radius:16px;display:flex;align-items:center;justify-content:center;margin:0 auto 24px;box-shadow:0 10px 24px rgba(227,5,18,.35);transition:transform 400ms ease;flex-shrink:0}.ifcl-value-card:hover .ifcl-value-icon{transform:scale(1.08) rotate(-5deg)}.ifcl-value-icon svg{width:28px;height:28px;stroke:#fff}.ifcl-value-card h3{color:#ffffff;font-size:19px;font-weight:800;margin:0 0 14px;line-height:1.3em;letter-spacing:-.3px;flex-shrink:0}.ifcl-value-card p{color:rgba(255,255,255,.80);font-size:14px;line-height:1.7em;margin:0;flex:1}.ifcl-partner-card{background:#fff;border-radius:16px;padding:32px 28px;text-align:center;box-shadow:0 12px 40px rgba(31,51,92,.12);transition:all 400ms ease;display:flex;flex-direction:column;min-height:420px;height:100%}.ifcl-partner-card:hover{transform:translateY(-8px);box-shadow:0 20px 50px rgba(227,5,18,.22)}.ifcl-partner-logo{height:100px;display:flex;align-items:center;justify-content:center;margin-bottom:24px;padding:14px;background:#F5F5F7;border-radius:12px;flex-shrink:0}.ifcl-partner-logo img{max-width:100%;max-height:100%;object-fit:contain;width:auto;height:auto}.ifcl-partner-card h3{color:#1F335C;font-size:19px;font-weight:700;margin:0 0 14px;line-height:1.3em;flex-shrink:0}.ifcl-partner-card p{color:#5a5a5a;font-size:13px;line-height:1.7em;margin:0;flex:1}@media (max-width:980px){.ifcl-deco,.ifcl-deco-behind{display:none!important}.ifcl-value-card{padding:32px 22px;min-height:0}.ifcl-partner-card{padding:16px 12px;min-height:0}}<\/style><\/div><\/div>\n\n<div class=\"et_pb_text_0 et_pb_text et_pb_bg_layout_light et_animated et_pb_module et_block_module et_pb_text_align_center\"><div class=\"et_pb_text_inner\"><p style=\"color:#EB5C52;font-size:14px;font-weight:700;letter-spacing:4px;text-transform:uppercase;margin-bottom:20px;\">Construction Lean &middot; France<\/p>\n<h1 style=\"color:#ffffff;font-size:62px;font-weight:800;line-height:1.1;margin-bottom:28px;letter-spacing:-1px;\">Institut Fran&ccedil;ais de la <span style=\"color:#EB5C52;\">Construction Lean<\/span><\/h1>\n<p style=\"color:rgba(255,255,255,0.85);font-size:20px;line-height:1.6;max-width:760px;margin:0 auto;\">D&eacute;velopper la pratique de l&rsquo;approche lean dans le secteur de la construction en France &mdash; par le partage, l&rsquo;innovation et l&rsquo;am&eacute;lioration continue.<\/p>\n<\/div><\/div>\n\n<div class=\"et_pb_module et_pb_button_module_wrapper et_pb_button_0_wrapper\"><a class=\"et_pb_button_0 et_pb_button et_pb_bg_layout_light et_animated et_pb_module et_block_module\" href=\"#about\">D\u00e9couvrir IFCL<\/a><\/div>\n<\/div>\n<\/div>\n\n<div class=\"et_pb_row_1 et_pb_row et_block_row\">\n<div class=\"et_pb_column_1 et_pb_column et_pb_column_4_4 et-last-child et_block_column et_pb_css_mix_blend_mode_passthrough\">\n<div class=\"et_pb_code_1 et_pb_code et_pb_module ifcl-deco ifcl-deco-tr ifcl-float\"><div class=\"et_pb_code_inner\"><svg width=\"90\" height=\"90\" viewBox=\"0 0 90 90\" xmlns=\"http:\/\/www.w3.org\/2000\/svg\"><g fill=\"#EB5C52\" opacity=\".55\"><circle cx=\"5\" cy=\"5\" r=\"2.5\"\/><circle cx=\"30\" cy=\"5\" r=\"2.5\"\/><circle cx=\"55\" cy=\"5\" r=\"2.5\"\/><circle cx=\"80\" cy=\"5\" r=\"2.5\"\/><circle cx=\"5\" cy=\"30\" r=\"2.5\"\/><circle cx=\"30\" cy=\"30\" r=\"2.5\"\/><circle cx=\"55\" cy=\"30\" r=\"2.5\"\/><circle cx=\"80\" cy=\"30\" r=\"2.5\"\/><circle cx=\"5\" cy=\"55\" r=\"2.5\"\/><circle cx=\"30\" cy=\"55\" r=\"2.5\"\/><circle cx=\"55\" cy=\"55\" r=\"2.5\"\/><circle cx=\"80\" cy=\"55\" r=\"2.5\"\/><circle cx=\"5\" cy=\"80\" r=\"2.5\"\/><circle cx=\"30\" cy=\"80\" r=\"2.5\"\/><circle cx=\"55\" cy=\"80\" r=\"2.5\"\/><circle cx=\"80\" cy=\"80\" r=\"2.5\"\/><\/g><\/svg><\/div><\/div>\n\n<div class=\"et_pb_code_2 et_pb_code et_pb_module ifcl-deco ifcl-deco-bl ifcl-spin\"><div class=\"et_pb_code_inner\"><svg width=\"140\" height=\"140\" viewBox=\"0 0 140 140\" xmlns=\"http:\/\/www.w3.org\/2000\/svg\"><circle cx=\"70\" cy=\"70\" r=\"66\" stroke=\"#E30512\" stroke-width=\"2\" stroke-dasharray=\"6 6\" fill=\"none\" opacity=\".5\"\/><\/svg><\/div><\/div>\n<\/div>\n<\/div>\n<div class=\"et_pb_bottom_inside_divider et-no-transition\"><\/div><\/div>\n\n<div class=\"et_pb_section_1 et_pb_section et_section_regular et_block_section\" id=\"about\">\n<div class=\"et_pb_row_2 et_pb_row et_pb_gutters4 et_block_row\">\n<div class=\"et_pb_column_2 et_pb_column et_pb_column_1_2 et_block_column et_pb_css_mix_blend_mode_passthrough\">\n<div class=\"et_pb_code_3 et_pb_code et_pb_module ifcl-deco-behind ifcl-spin\"><div class=\"et_pb_code_inner\"><svg width=\"180\" height=\"180\" viewBox=\"0 0 180 180\" xmlns=\"http:\/\/www.w3.org\/2000\/svg\"><circle cx=\"90\" cy=\"90\" r=\"86\" stroke=\"#E30512\" stroke-width=\"2\" stroke-dasharray=\"8 6\" fill=\"none\"\/><\/svg><\/div><\/div>\n\n<div class=\"et_pb_image_0 et_pb_image et_animated et_pb_module et_block_module\"><span class=\"et_pb_image_wrap\"><img loading=\"lazy\" decoding=\"async\" src=\"http:\/\/nouveau.constructionleaninstitutfrance.com\/wp-content\/uploads\/2026\/04\/Lean-construction.png\" title=\"Lean construction\" width=\"832\" height=\"1248\" srcset=\"http:\/\/nouveau.constructionleaninstitutfrance.com\/wp-content\/uploads\/2026\/04\/Lean-construction.png 832w, http:\/\/nouveau.constructionleaninstitutfrance.com\/wp-content\/uploads\/2026\/04\/Lean-construction-480x720.png 480w\" sizes=\"(min-width: 0px) and (max-width: 480px) 480px, (min-width: 481px) 832px, 100vw\" class=\"wp-image-65\" alt=\"\u00c0 propos IFCL\" \/><\/span><\/div>\n<\/div>\n\n<div class=\"et_pb_column_3 et_pb_column et_pb_column_1_2 et-last-child et_block_column et_pb_css_mix_blend_mode_passthrough\">\n<div class=\"et_pb_text_1 et_pb_text et_pb_bg_layout_light et_animated et_pb_module et_block_module\"><div class=\"et_pb_text_inner\"><p style=\"color:#E30512;font-size:13px;font-weight:700;letter-spacing:3px;text-transform:uppercase;margin-bottom:15px;\">Qui sommes-nous<\/p>\n<h2 style=\"color:#1F335C;font-size:38px;font-weight:800;line-height:1.2;margin-bottom:25px;letter-spacing:-0.5px;\">&Agrave; propos de l&rsquo;IFCL<\/h2>\n<p style=\"color:#414042;font-size:16px;line-height:1.8;margin-bottom:18px;\">L&rsquo;Institut Fran&ccedil;ais de la Construction Lean est une <strong>association &agrave; but non lucratif<\/strong> (loi du 1er Juillet 1901), ind&eacute;pendante, compos&eacute;e de membres b&eacute;n&eacute;voles et passionn&eacute;s par l&rsquo;approche lean pour la transformation de l&rsquo;environnement b&acirc;ti.<\/p>\n<p style=\"color:#414042;font-size:16px;line-height:1.8;margin-bottom:25px;\">Notre vocation : f&eacute;d&eacute;rer une communaut&eacute; d&rsquo;acteurs impliqu&eacute;s dans cette transformation ambitieuse et prometteuse du secteur de la construction.<\/p>\n<\/div><\/div>\n\n<div class=\"et_pb_video_0 et_pb_video et_pb_module et_block_module\"><div class=\"et_pb_video_box\"><iframe loading=\"lazy\" title=\"Mot du Pr\u00e9sident de l&#039;Institut Fran\u00e7ais de la Construction Lean - IFCL\" width=\"1080\" height=\"608\" src=\"https:\/\/www.youtube.com\/embed\/tfDP2K0DJls?feature=oembed\"  allow=\"accelerometer; autoplay; clipboard-write; encrypted-media; gyroscope; picture-in-picture; web-share\" referrerpolicy=\"strict-origin-when-cross-origin\" allowfullscreen><\/iframe><\/div><\/div>\n<\/div>\n<\/div>\n<\/div>\n\n<div class=\"et_pb_section_2 et_pb_section et_section_regular et_block_section section_has_divider et_pb_top_divider\"><div class=\"et_pb_top_inside_divider et-no-transition\"><\/div>\n<div class=\"et_pb_row_3 et_pb_row et_block_row\">\n<div class=\"et_pb_column_4 et_pb_column et_pb_column_4_4 et-last-child et_block_column et_pb_css_mix_blend_mode_passthrough\">\n<div class=\"et_pb_code_4 et_pb_code et_pb_module ifcl-deco ifcl-deco-tl ifcl-float-slow\"><div class=\"et_pb_code_inner\"><svg width=\"60\" height=\"60\" viewBox=\"0 0 60 60\" xmlns=\"http:\/\/www.w3.org\/2000\/svg\"><polygon points=\"30,8 55,52 5,52\" stroke=\"#EB5C52\" stroke-width=\"2.5\" fill=\"none\" opacity=\".7\"\/><\/svg><\/div><\/div>\n\n<div class=\"et_pb_code_5 et_pb_code et_pb_module ifcl-deco ifcl-deco-br ifcl-pulse\"><div class=\"et_pb_code_inner\"><svg width=\"80\" height=\"80\" viewBox=\"0 0 80 80\" xmlns=\"http:\/\/www.w3.org\/2000\/svg\"><g fill=\"#EB5C52\" opacity=\".5\"><circle cx=\"5\" cy=\"5\" r=\"2.5\"\/><circle cx=\"30\" cy=\"5\" r=\"2.5\"\/><circle cx=\"55\" cy=\"5\" r=\"2.5\"\/><circle cx=\"75\" cy=\"5\" r=\"2.5\"\/><circle cx=\"5\" cy=\"30\" r=\"2.5\"\/><circle cx=\"30\" cy=\"30\" r=\"2.5\"\/><circle cx=\"55\" cy=\"30\" r=\"2.5\"\/><circle cx=\"75\" cy=\"30\" r=\"2.5\"\/><circle cx=\"5\" cy=\"55\" r=\"2.5\"\/><circle cx=\"30\" cy=\"55\" r=\"2.5\"\/><circle cx=\"55\" cy=\"55\" r=\"2.5\"\/><circle cx=\"75\" cy=\"55\" r=\"2.5\"\/><circle cx=\"5\" cy=\"75\" r=\"2.5\"\/><circle cx=\"30\" cy=\"75\" r=\"2.5\"\/><circle cx=\"55\" cy=\"75\" r=\"2.5\"\/><circle cx=\"75\" cy=\"75\" r=\"2.5\"\/><\/g><\/svg><\/div><\/div>\n<\/div>\n<\/div>\n\n<div class=\"et_pb_row_4 et_pb_row et_pb_gutters4 et_block_row\">\n<div class=\"et_pb_column_5 et_pb_column et_pb_column_1_2 et_block_column et_pb_css_mix_blend_mode_passthrough\">\n<div class=\"et_pb_video_1 et_pb_video et_animated et_pb_module et_block_module\"><div class=\"et_pb_video_box\"><iframe loading=\"lazy\" title=\"Lean Construction Overview\" width=\"1080\" height=\"608\" src=\"https:\/\/www.youtube.com\/embed\/3pmwaGuAQgM?feature=oembed\"  allow=\"accelerometer; autoplay; clipboard-write; encrypted-media; gyroscope; picture-in-picture; web-share\" referrerpolicy=\"strict-origin-when-cross-origin\" allowfullscreen><\/iframe><\/div><\/div>\n<\/div>\n\n<div class=\"et_pb_column_6 et_pb_column et_pb_column_1_2 et-last-child et_block_column et_pb_css_mix_blend_mode_passthrough\">\n<div class=\"et_pb_text_2 et_pb_text et_pb_bg_layout_light et_animated et_pb_module et_block_module\"><div class=\"et_pb_text_inner\"><p style=\"color:#EB5C52;font-size:13px;font-weight:700;letter-spacing:3px;text-transform:uppercase;margin-bottom:15px;\">R&eacute;seau international<\/p>\n<h2 style=\"color:#ffffff;font-size:42px;font-weight:800;line-height:1.2;margin-bottom:25px;letter-spacing:-0.5px;\">Notre partenariat avec les autres Instituts<\/h2>\n<p style=\"color:rgba(255,255,255,0.85);font-size:16px;line-height:1.8;\">Faire passer la construction lean du stade de l&rsquo;adoption pure et simple &agrave; celui de la mise en &oelig;uvre <strong style=\"color:#EB5C52;\">syst&eacute;matique et courante<\/strong>, dans le but d&rsquo;am&eacute;liorer l&rsquo;efficacit&eacute;, la productivit&eacute;, la collaboration, la s&eacute;curit&eacute;, la qualit&eacute;, la durabilit&eacute;, l&rsquo;utilisation des ressources et la cr&eacute;ation de valeur dans le secteur fran&ccedil;ais de la construction. En partenariat avec les autres instituts dans le monde (<em>Lean Construction Institutes<\/em>).<\/p>\n<\/div><\/div>\n<\/div>\n<\/div>\n<\/div>\n\n<div class=\"et_pb_section_3 et_pb_section et_section_regular et_block_section\">\n<div class=\"et_pb_row_5 et_pb_row et_block_row\">\n<div class=\"et_pb_column_7 et_pb_column et_pb_column_4_4 et-last-child et_block_column et_pb_css_mix_blend_mode_passthrough\">\n<div class=\"et_pb_text_3 et_pb_text et_pb_bg_layout_light et_animated et_pb_module et_block_module et_pb_text_align_center\"><div class=\"et_pb_text_inner\"><p style=\"color:#EB5C52;font-size:13px;font-weight:700;letter-spacing:3px;text-transform:uppercase;margin-bottom:15px;\">Nos engagements<\/p>\n<h2 style=\"color:#ffffff;font-size:46px;font-weight:800;line-height:1.2;margin-bottom:20px;letter-spacing:-0.5px;\">Les valeurs d&rsquo;un Institut engag&eacute;<\/h2>\n<div style=\"width:60px;height:4px;background:#E30512;margin:0 auto 60px;border-radius:2px;\"><\/div>\n<\/div><\/div>\n<\/div>\n<\/div>\n\n<div class=\"et_pb_row_6 et_pb_row et_pb_row_4col et_block_row et_block_row_4col\">\n<div class=\"et_pb_column_8 et_pb_column et_pb_column_1_4 et_block_column et_pb_css_mix_blend_mode_passthrough\">\n<div class=\"et_pb_code_6 et_pb_code et_animated et_pb_module\"><div class=\"et_pb_code_inner\"><div class=\"ifcl-value-card\"><div class=\"ifcl-value-icon\"><svg viewBox=\"0 0 24 24\" fill=\"none\" stroke-width=\"2\" stroke-linecap=\"round\" stroke-linejoin=\"round\"><path d=\"M17 21v-2a4 4 0 0 0-4-4H5a4 4 0 0 0-4 4v2\"\/><circle cx=\"9\" cy=\"7\" r=\"4\"\/><path d=\"M23 21v-2a4 4 0 0 0-3-3.87\"\/><path d=\"M16 3.13a4 4 0 0 1 0 7.75\"\/><\/svg><\/div><h3>Partager les savoirs et les savoir-faire<\/h3><p>Diffuser les connaissances et savoir-faire au sein d\u2019une communaut\u00e9 d\u2019acteurs de la construction, dans le respect des connaissances s\u00e9culaires, et d\u00e9velopper la collaboration entre toutes les parties prenantes.<\/p><\/div><\/div><\/div>\n<\/div>\n\n<div class=\"et_pb_column_9 et_pb_column et_pb_column_1_4 et_block_column et_pb_css_mix_blend_mode_passthrough\">\n<div class=\"et_pb_code_7 et_pb_code et_animated et_pb_module\"><div class=\"et_pb_code_inner\"><div class=\"ifcl-value-card\"><div class=\"ifcl-value-icon\"><svg viewBox=\"0 0 24 24\" fill=\"none\" stroke-width=\"2\" stroke-linecap=\"round\" stroke-linejoin=\"round\"><path d=\"M9 18h6\"\/><path d=\"M10 22h4\"\/><path d=\"M15.09 14c.18-.98.65-1.74 1.41-2.5A4.65 4.65 0 0 0 18 8 6 6 0 0 0 6 8c0 1 .23 2.23 1.5 3.5A4.61 4.61 0 0 1 8.91 14\"\/><\/svg><\/div><h3>Cultiver l\u2019esprit d\u2019entreprise et l\u2019innovation<\/h3><p>De la recherche \u00e0 l\u2019innovation, le monde universitaire et le monde des entreprises \u0153uvrent conjointement pour am\u00e9liorer le secteur de la construction et entrainer nos \u00e9quipes vers des objectifs ambitieux.<\/p><\/div><\/div><\/div>\n<\/div>\n\n<div class=\"et_pb_column_10 et_pb_column et_pb_column_1_4 et_block_column et_pb_css_mix_blend_mode_passthrough\">\n<div class=\"et_pb_code_8 et_pb_code et_animated et_pb_module\"><div class=\"et_pb_code_inner\"><div class=\"ifcl-value-card\"><div class=\"ifcl-value-icon\"><svg viewBox=\"0 0 24 24\" fill=\"none\" stroke-width=\"2\" stroke-linecap=\"round\" stroke-linejoin=\"round\"><path d=\"M11 20A7 7 0 0 1 9.8 6.1C15.5 5 17 4.48 19.2 2.96c1 3.38.5 8.83-5 8.95\"\/><path d=\"M2 21c0-3 1.85-5.36 5.08-6\"\/><\/svg><\/div><h3>R\u00e9duire le gaspillage<\/h3><p>R\u00e9duire le gaspillage : d\u00e9chets, environnement, transports, mat\u00e9riaux, mais aussi gaspillage du temps, des comp\u00e9tences et des savoirs sur l\u2019ensemble du cycle de vie d\u2019un projet.<\/p><\/div><\/div><\/div>\n<\/div>\n\n<div class=\"et_pb_column_11 et_pb_column et_pb_column_1_4 et-last-child et_block_column et_pb_css_mix_blend_mode_passthrough\">\n<div class=\"et_pb_code_9 et_pb_code et_animated et_pb_module\"><div class=\"et_pb_code_inner\"><div class=\"ifcl-value-card\"><div class=\"ifcl-value-icon\"><svg viewBox=\"0 0 24 24\" fill=\"none\" stroke-width=\"2\" stroke-linecap=\"round\" stroke-linejoin=\"round\"><circle cx=\"12\" cy=\"8\" r=\"6\"\/><path d=\"M15.477 12.89 17 22l-5-3-5 3 1.523-9.11\"\/><\/svg><\/div><h3>Excellence & am\u00e9lioration continue<\/h3><p>Offrir au secteur de la construction un avenir meilleur : s\u00e9curit\u00e9 sur les chantiers, durabilit\u00e9 du cycle de vie, respect interg\u00e9n\u00e9rationnel et \u00ab z\u00e9ro d\u00e9faut \u00bb.<\/p><\/div><\/div><\/div>\n<\/div>\n<\/div>\n<\/div>\n\n<div class=\"et_pb_section_4 et_pb_section et_section_regular et_block_section section_has_divider et_pb_top_divider\" id=\"contact\"><div class=\"et_pb_top_inside_divider et-no-transition\"><\/div>\n<div class=\"et_pb_row_7 et_pb_row et_block_row\">\n<div class=\"et_pb_column_12 et_pb_column et_pb_column_4_4 et-last-child et_block_column et_pb_css_mix_blend_mode_passthrough\">\n<div class=\"et_pb_code_10 et_pb_code et_pb_module ifcl-deco ifcl-deco-tr ifcl-pulse\"><div class=\"et_pb_code_inner\"><svg width=\"40\" height=\"40\" viewBox=\"0 0 40 40\" xmlns=\"http:\/\/www.w3.org\/2000\/svg\"><g stroke=\"#E30512\" stroke-width=\"3\" stroke-linecap=\"round\" opacity=\".6\"><line x1=\"20\" y1=\"6\" x2=\"20\" y2=\"34\"\/><line x1=\"6\" y1=\"20\" x2=\"34\" y2=\"20\"\/><\/g><\/svg><\/div><\/div>\n\n<div class=\"et_pb_code_11 et_pb_code et_pb_module ifcl-deco ifcl-deco-bl ifcl-float-slow\"><div class=\"et_pb_code_inner\"><svg width=\"60\" height=\"60\" viewBox=\"0 0 60 60\" xmlns=\"http:\/\/www.w3.org\/2000\/svg\"><polygon points=\"30,8 55,52 5,52\" stroke=\"#1F335C\" stroke-width=\"2\" fill=\"none\" opacity=\".4\"\/><\/svg><\/div><\/div>\n<\/div>\n<\/div>\n\n<div class=\"et_pb_row_8 et_pb_row et_block_row\">\n<div class=\"et_pb_column_13 et_pb_column et_pb_column_4_4 et-last-child et_block_column et_pb_css_mix_blend_mode_passthrough\">\n<div class=\"et_pb_text_4 et_pb_text et_pb_bg_layout_light et_animated et_pb_module et_block_module et_pb_text_align_center\"><div class=\"et_pb_text_inner\"><p style=\"color:#E30512;font-size:13px;font-weight:700;letter-spacing:3px;text-transform:uppercase;margin-bottom:15px;\">Ils nous soutiennent<\/p>\n<h2 style=\"color:#1F335C;font-size:46px;font-weight:800;line-height:1.2;margin-bottom:20px;letter-spacing:-0.5px;\">Nos partenaires Platine<\/h2>\n<div style=\"width:60px;height:4px;background:#E30512;margin:0 auto 50px;border-radius:2px;\"><\/div>\n<\/div><\/div>\n<\/div>\n<\/div>\n\n<div class=\"et_pb_row_9 et_pb_row et_block_row\">\n<div class=\"et_pb_column_14 et_pb_column et_pb_column_1_3 et_block_column et_pb_css_mix_blend_mode_passthrough\">\n<div class=\"et_pb_code_12 et_pb_code et_animated et_pb_module\"><div class=\"et_pb_code_inner\"><div class=\"ifcl-partner-card\"><div class=\"ifcl-partner-logo\"><img decoding=\"async\" src=\"https:\/\/nouveau.constructionleaninstitutfrance.com\/wp-content\/uploads\/2026\/04\/Dassault_Systemes_logo.svg_-scaled.png\" alt=\"Dassault Syst\u00e8mes\" \/><\/div><h3>Dassault Syst\u00e8mes<\/h3><p>Leader mondial de la conception 3D, simulation et jumeau num\u00e9rique. Adopte la philosophie Lean pour transformer l\u2019industrie de l\u2019Architecture, de l\u2019Ing\u00e9nierie et de la Construction. Notre solution bas\u00e9e sur le jumeau num\u00e9rique r\u00e9volutionne la planification, la fabrication hors site et les processus d\u2019ex\u00e9cution lean.<\/p><\/div><\/div><\/div>\n<\/div>\n\n<div class=\"et_pb_column_15 et_pb_column et_pb_column_1_3 et_block_column et_pb_css_mix_blend_mode_passthrough\">\n<div class=\"et_pb_code_13 et_pb_code et_animated et_pb_module\"><div class=\"et_pb_code_inner\"><div class=\"ifcl-partner-card\"><div class=\"ifcl-partner-logo\"><img decoding=\"async\" src=\"http:\/\/nouveau.constructionleaninstitutfrance.com\/wp-content\/uploads\/2026\/04\/IFCL-Logo.jpg\" alt=\"Teamoty\" \/><\/div><h3>Teamoty<\/h3><p>Fond\u00e9 par des experts reconnus en Lean Construction, Teamoty digitalise la supply chain des projets de construction. Permet aux acteurs de mieux collaborer et coordonner les ressources (Hommes, mat\u00e9riaux, machines) pour gagner en s\u00e9r\u00e9nit\u00e9, productivit\u00e9, qualit\u00e9, s\u00e9curit\u00e9 et empreinte environnementale.<\/p><\/div><\/div><\/div>\n<\/div>\n\n<div class=\"et_pb_column_16 et_pb_column et_pb_column_1_3 et-last-child et_block_column et_pb_css_mix_blend_mode_passthrough\">\n<div class=\"et_pb_code_14 et_pb_code et_animated et_pb_module\"><div class=\"et_pb_code_inner\"><div class=\"ifcl-partner-card\"><div class=\"ifcl-partner-logo\"><img decoding=\"async\" src=\"http:\/\/nouveau.constructionleaninstitutfrance.com\/wp-content\/uploads\/2026\/04\/IFCL-Logo.jpg\" alt=\"Orchid\u00e9e Consulting\" \/><\/div><h3>Orchid\u00e9e Consulting<\/h3><p>Cabinet de conseil sp\u00e9cialis\u00e9 en Lean Management. Optimisation des processus, ma\u00eetrise des d\u00e9lais, r\u00e9duction des co\u00fbts. Intervient dans l\u2019industrie, le BTP, les services et la logistique avec des formations certifi\u00e9es Lean Six Sigma. Approche rigoureuse, bienveillante et collaborative.<\/p><\/div><\/div><\/div>\n<\/div>\n<\/div>\n\n<div class=\"et_pb_row_10 et_pb_row et_block_row\">\n<div class=\"et_pb_column_17 et_pb_column et_pb_column_1_6 et_block_column et_pb_column_empty et_pb_css_mix_blend_mode_passthrough\"><\/div>\n\n<div class=\"et_pb_column_18 et_pb_column et_pb_column_2_3 et_block_column et_pb_css_mix_blend_mode_passthrough\">\n<div class=\"et_pb_text_5 et_pb_text et_pb_bg_layout_light et_animated et_pb_module et_block_module et_pb_text_align_center\"><div class=\"et_pb_text_inner\"><p style=\"color:#EB5C52;font-size:13px;font-weight:700;letter-spacing:3px;text-transform:uppercase;margin-bottom:15px;\">Une question, une id&eacute;e ?<\/p>\n<h3 style=\"color:#ffffff;font-size:38px;font-weight:800;margin-bottom:18px;\">Contactez-nous<\/h3>\n<p style=\"color:rgba(255,255,255,0.85);font-size:15px;line-height:1.7em;margin-bottom:30px;\">Si vous avez des questions ou des id&eacute;es &agrave; partager, &eacute;crivez-nous. Nous lisons et r&eacute;pondons &agrave; chaque message.<\/p>\n<p><a href=\"mailto:leanconstructionIFCL@gmail.com\" style=\"display:inline-block;background:#E30512;color:#ffffff;font-weight:700;font-size:16px;padding:14px 36px;border-radius:50px;text-decoration:none;letter-spacing:0.5px;box-shadow:0 8px 20px rgba(227,5,18,0.4);transition:all 300ms ease;\">leanconstructionIFCL@gmail.com<\/a><\/p>\n<\/div><\/div>\n<\/div>\n\n<div class=\"et_pb_column_19 et_pb_column et_pb_column_1_6 et-last-child et_block_column et_pb_column_empty et_pb_css_mix_blend_mode_passthrough\"><\/div>\n<\/div>\n<\/div>","protected":false},"excerpt":{"rendered":"","protected":false},"author":1,"featured_media":0,"parent":0,"menu_order":0,"comment_status":"closed","ping_status":"closed","template":"","meta":{"footnotes":""},"class_list":["post-61","page","type-page","status-publish","hentry"],"_links":{"self":[{"href":"https:\/\/nouveau.constructionleaninstitutfrance.com\/index.php\/wp-json\/wp\/v2\/pages\/61","targetHints":{"allow":["GET"]}}],"collection":[{"href":"https:\/\/nouveau.constructionleaninstitutfrance.com\/index.php\/wp-json\/wp\/v2\/pages"}],"about":[{"href":"https:\/\/nouveau.constructionleaninstitutfrance.com\/index.php\/wp-json\/wp\/v2\/types\/page"}],"author":[{"embeddable":true,"href":"https:\/\/nouveau.constructionleaninstitutfrance.com\/index.php\/wp-json\/wp\/v2\/users\/1"}],"replies":[{"embeddable":true,"href":"https:\/\/nouveau.constructionleaninstitutfrance.com\/index.php\/wp-json\/wp\/v2\/comments?post=61"}],"version-history":[{"count":6,"href":"https:\/\/nouveau.constructionleaninstitutfrance.com\/index.php\/wp-json\/wp\/v2\/pages\/61\/revisions"}],"predecessor-version":[{"id":69,"href":"https:\/\/nouveau.constructionleaninstitutfrance.com\/index.php\/wp-json\/wp\/v2\/pages\/61\/revisions\/69"}],"wp:attachment":[{"href":"https:\/\/nouveau.constructionleaninstitutfrance.com\/index.php\/wp-json\/wp\/v2\/media?parent=61"}],"curies":[{"name":"wp","href":"https:\/\/api.w.org\/{rel}","templated":true}]}}